{"id":58,"date":"2018-05-25T08:11:22","date_gmt":"2018-05-25T08:11:22","guid":{"rendered":"http:\/\/dvgtest.das-verordnete-geschlecht.de\/?page_id=58"},"modified":"2018-05-30T12:36:58","modified_gmt":"2018-05-30T12:36:58","slug":"links","status":"publish","type":"page","link":"https:\/\/www.das-verordnete-geschlecht.de\/?page_id=58","title":{"rendered":"Links"},"content":{"rendered":"<table class=\"t1\" width=\"1101.0\" cellspacing=\"0\" cellpadding=\"0\">\n<tbody>\n<tr>\n<td class=\"td1\" valign=\"middle\">\n<p class=\"p1\"><span class=\"s1\">Diese Seite enth\u00e4lt Hyperlinks zu Seiten, die sich mit Intersexualit\u00e4t besch\u00e4ftigen, oder die mit Intersexualit\u00e4t zu tun haben.<\/span><\/p>\n<p>Deutsche Intersex-Seiten<\/p>\n<p><a href=\"http:\/\/shg.intersexuelle-menschen.net\">http:\/\/shg.intersexuelle-menschen.net<\/a><\/p>\n<p><a href=\"http:\/\/www.im-ev.de\">http:\/\/www.im-ev.de<\/a><\/p>\n<p class=\"p2\"><span class=\"s2\"><a href=\"http:\/\/www.xy-frauen.de\/\">http:\/\/www.xy-frauen.de\/<\/a><\/span><\/p>\n<p class=\"p1\"><span class=\"s1\">Eine grafisch sehr ansprechend gestaltete, informative Seite, die speziell \u00fcber xy-Frauen informiert und die vor allem f\u00fcr diese Gruppe konzipiert ist.<\/span><\/p>\n<p class=\"p2\"><span class=\"s2\"><a href=\"http:\/\/www.isna.org\/\">http:\/\/www.isna.org\/<\/a><\/span><\/p>\n<p class=\"p1\"><span class=\"s1\">Die us-amerikanische Intersex-Society. Materialreicher \u00dcberblick \u00fcber die us-amerikanische Situation. Die Texte sind alle auf Englisch.\u00a0<\/span><\/p>\n<p class=\"p3\"><a href=\"http:\/\/www.ukia.co.uk\/\"><span class=\"s2\">http:\/\/www.ukia.co.uk\/<\/span><\/a><\/p>\n<p class=\"p1\"><span class=\"s1\">Die Intersex-Society in Gro\u00dfbritannien. Teilweise \u00fcbersichtlicher gestaltet als die us-amerikanischen Seiten.\u00a0<\/span><\/p>\n<p class=\"p2\"><a href=\"https:\/\/www.rotermundfilm.de\"><span class=\"s2\">https:\/\/www.rotermundfilm.de<\/span><\/a><\/p>\n<p class=\"p1\"><span class=\"s1\">Die Seite unserer Produktionsfirma. Mit Informationen \u00fcber neue Filmprojekte.<\/span><\/p>\n<p class=\"p2\"><span class=\"s2\"><a href=\"http:\/\/www.tolmein.de\/\">http:\/\/www.tolmein.de<\/a><\/span><\/p>\n<p class=\"p1\"><span class=\"s1\">Die Seite von Oliver Tolmein mit vielen Texten \u00fcber Bioethik und Jura, die im Volltext-Online sind (teilweise auch Texte aus vergriffenen B\u00fcchern).\u00a0<\/span><\/p>\n<\/td>\n<\/tr>\n<\/tbody>\n<\/table>\n","protected":false},"excerpt":{"rendered":"<p>Diese Seite enth\u00e4lt Hyperlinks zu Seiten, die sich mit Intersexualit\u00e4t besch\u00e4ftigen, oder die mit Intersexualit\u00e4t zu tun haben. Deutsche Intersex-Seiten http:\/\/shg.intersexuelle-menschen.net http:\/\/www.im-ev.de http:\/\/www.xy-frauen.de\/ Eine grafisch sehr ansprechend gestaltete, informative Seite, die speziell \u00fcber xy-Frauen informiert und die vor allem f\u00fcr diese Gruppe konzipiert ist. http:\/\/www.isna.org\/ Die us-amerikanische Intersex-Society. Materialreicher \u00dcberblick \u00fcber die us-amerikanische Situation. Die&#8230;<\/p>\n","protected":false},"author":1,"featured_media":0,"parent":0,"menu_order":0,"comment_status":"closed","ping_status":"closed","template":"","meta":{"footnotes":""},"_links":{"self":[{"href":"https:\/\/www.das-verordnete-geschlecht.de\/index.php?rest_route=\/wp\/v2\/pages\/58"}],"collection":[{"href":"https:\/\/www.das-verordnete-geschlecht.de\/index.php?rest_route=\/wp\/v2\/pages"}],"about":[{"href":"https:\/\/www.das-verordnete-geschlecht.de\/index.php?rest_route=\/wp\/v2\/types\/page"}],"author":[{"embeddable":true,"href":"https:\/\/www.das-verordnete-geschlecht.de\/index.php?rest_route=\/wp\/v2\/users\/1"}],"replies":[{"embeddable":true,"href":"https:\/\/www.das-verordnete-geschlecht.de\/index.php?rest_route=%2Fwp%2Fv2%2Fcomments&post=58"}],"version-history":[{"count":12,"href":"https:\/\/www.das-verordnete-geschlecht.de\/index.php?rest_route=\/wp\/v2\/pages\/58\/revisions"}],"predecessor-version":[{"id":122,"href":"https:\/\/www.das-verordnete-geschlecht.de\/index.php?rest_route=\/wp\/v2\/pages\/58\/revisions\/122"}],"wp:attachment":[{"href":"https:\/\/www.das-verordnete-geschlecht.de\/index.php?rest_route=%2Fwp%2Fv2%2Fmedia&parent=58"}],"curies":[{"name":"wp","href":"https:\/\/api.w.org\/{rel}","templated":true}]}}